{"id":1032,"date":"2023-09-26T09:24:47","date_gmt":"2023-09-26T07:24:47","guid":{"rendered":"https:\/\/stelog.ch\/?page_id=1032"},"modified":"2023-09-26T09:24:47","modified_gmt":"2023-09-26T07:24:47","slug":"impressum","status":"publish","type":"page","link":"https:\/\/stelog.ch\/de\/impressum\/","title":{"rendered":"Impressum"},"content":{"rendered":"<h2>Umsetzung<\/h2>\n<p>Pomzed Design S\u00e0rl<br \/>\nRue de la Vauche 6<br \/>\n2800 Del\u00e9mont<\/p>\n<p>Tel. 032 424 50 10<br \/>\nE-Mail: agence@pomzed.ch<\/p>\n<h2>Eigent\u00fcmer<\/h2>\n<p>Stelog<br \/>\nLa Vorde 6b<br \/>\n2863 Undervelier<\/p>\n<p>Tel. 032 426 53 52<\/p>\n<h2>Urheberrechte<\/h2>\n<p>Alle Inhalte unserer Website sind urheberrechtlich gesch\u00fctzt. Sie d\u00fcrfen in keiner Weise verwendet werden.<\/p>\n<h2>Datenschutz<\/h2>\n<p>Die Nutzung der Website stelog.ch erfordert in der Regel keine Daten\u00fcbermittlung durch den Benutzer. Falls dies erforderlich ist, insbesondere \u00fcber das Kontaktformular, werden diese Informationen vom Benutzer freiwillig \u00fcbermittelt. Diese Daten werden nur zu streng notwendigen Zwecken verwendet, und wir tun alles in unserer Macht Stehende, um den Schutz Ihrer Daten zu gew\u00e4hrleisten. Wir m\u00f6chten jedoch darauf hinweisen, dass die \u00dcbertragung von Daten \u00fcber das Internet Sicherheitsl\u00fccken aufweisen kann, f\u00fcr die wir nicht verantwortlich sind. Eine l\u00fcckenlose Datensicherheit vor dem Zugriff durch Dritte ist nicht m\u00f6glich.<\/p>\n<h2>Datenschutzbestimmungen f\u00fcr die Verwendung von Google Analytics<\/h2>\n<p>Wir analysieren das Verhalten unserer Benutzer und deren Nutzung unserer Website, um die Benutzererfahrung st\u00e4ndig zu verbessern. Zu diesem Zweck verwenden wir das Tool &#8220;Google Analytics&#8221;, und alle mit diesem Tool gesammelten Daten werden ausschlie\u00dflich zu Analysezwecken verwendet.&#8221;<\/p>\n","protected":false},"excerpt":{"rendered":"<p>Umsetzung Pomzed Design S\u00e0rl Rue de la Vauche 6 2800 Del\u00e9mont Tel. 032 424 50 10 E-Mail: agence@pomzed.ch Eigent\u00fcmer Stelog La Vorde 6b 2863 Undervelier Tel. 032 426 53 52 Urheberrechte Alle Inhalte unserer Website sind urheberrechtlich gesch\u00fctzt. Sie d\u00fcrfen in keiner Weise verwendet werden. Datenschutz Die Nutzung der Website stelog.ch erfordert in der Regel [&hellip;]<\/p>\n","protected":false},"author":1,"featured_media":0,"parent":0,"menu_order":0,"comment_status":"closed","ping_status":"closed","template":"","meta":{"_acf_changed":false,"_seopress_robots_primary_cat":"","_seopress_titles_title":"","_seopress_titles_desc":"","_seopress_robots_index":"","footnotes":""},"class_list":["post-1032","page","type-page","status-publish","hentry"],"acf":[],"_links":{"self":[{"href":"https:\/\/stelog.ch\/de\/wp-json\/wp\/v2\/pages\/1032"}],"collection":[{"href":"https:\/\/stelog.ch\/de\/wp-json\/wp\/v2\/pages"}],"about":[{"href":"https:\/\/stelog.ch\/de\/wp-json\/wp\/v2\/types\/page"}],"author":[{"embeddable":true,"href":"https:\/\/stelog.ch\/de\/wp-json\/wp\/v2\/users\/1"}],"replies":[{"embeddable":true,"href":"https:\/\/stelog.ch\/de\/wp-json\/wp\/v2\/comments?post=1032"}],"version-history":[{"count":1,"href":"https:\/\/stelog.ch\/de\/wp-json\/wp\/v2\/pages\/1032\/revisions"}],"predecessor-version":[{"id":1035,"href":"https:\/\/stelog.ch\/de\/wp-json\/wp\/v2\/pages\/1032\/revisions\/1035"}],"wp:attachment":[{"href":"https:\/\/stelog.ch\/de\/wp-json\/wp\/v2\/media?parent=1032"}],"curies":[{"name":"wp","href":"https:\/\/api.w.org\/{rel}","templated":true}]}}