{"id":706,"date":"2022-04-21T11:05:17","date_gmt":"2022-04-21T09:05:17","guid":{"rendered":"https:\/\/stelog2.pom-preview.ch\/?page_id=706"},"modified":"2022-04-21T11:04:30","modified_gmt":"2022-04-21T09:04:30","slug":"loesungen","status":"publish","type":"page","link":"https:\/\/stelog.ch\/de\/loesungen\/","title":{"rendered":"L\u00f6sungen"},"content":{"rendered":"","protected":false},"excerpt":{"rendered":"","protected":false},"author":1,"featured_media":0,"parent":0,"menu_order":0,"comment_status":"closed","ping_status":"closed","template":"template-solutions.php","meta":{"_acf_changed":false,"_seopress_robots_primary_cat":"","_seopress_titles_title":"","_seopress_titles_desc":"Unser Kerngesch\u00e4ft ist die Beratung und das Engineering im Bereich Logistik und Supply Chain. Wir bieten pragmatische, profitable und nachhaltige L\u00f6sungen an. Wir strukturieren Optimierungsbestrebungen. Wir stellen unsere Erfahrung und unser Netzwerk zur Verf\u00fcgung. Wir planen und implementieren manuelle und automatisierte L\u00f6sungen. ","_seopress_robots_index":"","footnotes":""},"class_list":["post-706","page","type-page","status-publish","hentry"],"acf":[],"_links":{"self":[{"href":"https:\/\/stelog.ch\/de\/wp-json\/wp\/v2\/pages\/706"}],"collection":[{"href":"https:\/\/stelog.ch\/de\/wp-json\/wp\/v2\/pages"}],"about":[{"href":"https:\/\/stelog.ch\/de\/wp-json\/wp\/v2\/types\/page"}],"author":[{"embeddable":true,"href":"https:\/\/stelog.ch\/de\/wp-json\/wp\/v2\/users\/1"}],"replies":[{"embeddable":true,"href":"https:\/\/stelog.ch\/de\/wp-json\/wp\/v2\/comments?post=706"}],"version-history":[{"count":5,"href":"https:\/\/stelog.ch\/de\/wp-json\/wp\/v2\/pages\/706\/revisions"}],"predecessor-version":[{"id":939,"href":"https:\/\/stelog.ch\/de\/wp-json\/wp\/v2\/pages\/706\/revisions\/939"}],"wp:attachment":[{"href":"https:\/\/stelog.ch\/de\/wp-json\/wp\/v2\/media?parent=706"}],"curies":[{"name":"wp","href":"https:\/\/api.w.org\/{rel}","templated":true}]}}