{"id":721,"date":"2022-04-21T11:07:12","date_gmt":"2022-04-21T09:07:12","guid":{"rendered":"https:\/\/stelog2.pom-preview.ch\/accueil\/"},"modified":"2022-04-27T14:54:27","modified_gmt":"2022-04-27T12:54:27","slug":"accueil","status":"publish","type":"page","link":"https:\/\/stelog.ch\/de\/","title":{"rendered":"Home"},"content":{"rendered":"","protected":false},"excerpt":{"rendered":"","protected":false},"author":1,"featured_media":0,"parent":0,"menu_order":0,"comment_status":"closed","ping_status":"closed","template":"template-home.php","meta":{"_acf_changed":false,"_seopress_robots_primary_cat":"","_seopress_titles_title":"","_seopress_titles_desc":"Stelog ist ein Schweizer Unternehmen mit Sitz im Kanton Jura. Wir sind t\u00e4tig in Beratung und Engineering in allen Bereichen der Logistik und der Supply Chain. Wir bieten pragmatische, profitable und nachhaltige L\u00f6sungen an. Wir strukturieren Ihre Optimierungsbestrebungen. Wir stellen unsere Erfahrung und unser Netzwerk zur Verf\u00fcgung. Wir planen und implementieren manuelle und automatisierte L\u00f6sungen.","_seopress_robots_index":"","footnotes":""},"class_list":["post-721","page","type-page","status-publish","hentry"],"acf":[],"_links":{"self":[{"href":"https:\/\/stelog.ch\/de\/wp-json\/wp\/v2\/pages\/721"}],"collection":[{"href":"https:\/\/stelog.ch\/de\/wp-json\/wp\/v2\/pages"}],"about":[{"href":"https:\/\/stelog.ch\/de\/wp-json\/wp\/v2\/types\/page"}],"author":[{"embeddable":true,"href":"https:\/\/stelog.ch\/de\/wp-json\/wp\/v2\/users\/1"}],"replies":[{"embeddable":true,"href":"https:\/\/stelog.ch\/de\/wp-json\/wp\/v2\/comments?post=721"}],"version-history":[{"count":5,"href":"https:\/\/stelog.ch\/de\/wp-json\/wp\/v2\/pages\/721\/revisions"}],"predecessor-version":[{"id":962,"href":"https:\/\/stelog.ch\/de\/wp-json\/wp\/v2\/pages\/721\/revisions\/962"}],"wp:attachment":[{"href":"https:\/\/stelog.ch\/de\/wp-json\/wp\/v2\/media?parent=721"}],"curies":[{"name":"wp","href":"https:\/\/api.w.org\/{rel}","templated":true}]}}