{"id":727,"date":"2022-04-21T13:35:44","date_gmt":"2022-04-21T11:35:44","guid":{"rendered":"https:\/\/stelog2.pom-preview.ch\/references\/"},"modified":"2022-04-21T13:37:15","modified_gmt":"2022-04-21T11:37:15","slug":"referenzen","status":"publish","type":"page","link":"https:\/\/stelog.ch\/de\/referenzen\/","title":{"rendered":"Referenzen"},"content":{"rendered":"","protected":false},"excerpt":{"rendered":"","protected":false},"author":1,"featured_media":0,"parent":0,"menu_order":0,"comment_status":"closed","ping_status":"closed","template":"template-references.php","meta":{"_acf_changed":false,"_seopress_robots_primary_cat":"","_seopress_titles_title":"","_seopress_titles_desc":"Stelog hat \u00fcber 100 Projekte in allen Branchen, f\u00fcr Unternehmungen und \u00f6ffentliche Institutionen jeder Gr\u00f6sse umgesetzt. Wir sind in ganz Europa t\u00e4tig.","_seopress_robots_index":"","footnotes":""},"class_list":["post-727","page","type-page","status-publish","hentry"],"acf":[],"_links":{"self":[{"href":"https:\/\/stelog.ch\/de\/wp-json\/wp\/v2\/pages\/727"}],"collection":[{"href":"https:\/\/stelog.ch\/de\/wp-json\/wp\/v2\/pages"}],"about":[{"href":"https:\/\/stelog.ch\/de\/wp-json\/wp\/v2\/types\/page"}],"author":[{"embeddable":true,"href":"https:\/\/stelog.ch\/de\/wp-json\/wp\/v2\/users\/1"}],"replies":[{"embeddable":true,"href":"https:\/\/stelog.ch\/de\/wp-json\/wp\/v2\/comments?post=727"}],"version-history":[{"count":3,"href":"https:\/\/stelog.ch\/de\/wp-json\/wp\/v2\/pages\/727\/revisions"}],"predecessor-version":[{"id":810,"href":"https:\/\/stelog.ch\/de\/wp-json\/wp\/v2\/pages\/727\/revisions\/810"}],"wp:attachment":[{"href":"https:\/\/stelog.ch\/de\/wp-json\/wp\/v2\/media?parent=727"}],"curies":[{"name":"wp","href":"https:\/\/api.w.org\/{rel}","templated":true}]}}