{"id":736,"date":"2022-04-21T10:56:46","date_gmt":"2022-04-21T08:56:46","guid":{"rendered":"https:\/\/stelog2.pom-preview.ch\/?page_id=736"},"modified":"2024-02-14T10:01:48","modified_gmt":"2024-02-14T09:01:48","slug":"ueberuns","status":"publish","type":"page","link":"https:\/\/stelog.ch\/de\/ueberuns\/","title":{"rendered":"\u00dcber uns"},"content":{"rendered":"","protected":false},"excerpt":{"rendered":"","protected":false},"author":1,"featured_media":0,"parent":0,"menu_order":0,"comment_status":"closed","ping_status":"closed","template":"template-a-propos.php","meta":{"_acf_changed":false,"_seopress_robots_primary_cat":"","_seopress_titles_title":"","_seopress_titles_desc":"Stelog AG ist eine europaweit t\u00e4tige Unternehmung. 2005 gegr\u00fcndet, bieten wir Beratungsdienstleistungen in der Logistik und der Supply Chain an. Wir sind Ihr Partner f\u00fcr Logistikberatung, Logistikplanung und Prozessoptimierung.  ","_seopress_robots_index":"","footnotes":""},"class_list":["post-736","page","type-page","status-publish","hentry"],"acf":[],"_links":{"self":[{"href":"https:\/\/stelog.ch\/de\/wp-json\/wp\/v2\/pages\/736"}],"collection":[{"href":"https:\/\/stelog.ch\/de\/wp-json\/wp\/v2\/pages"}],"about":[{"href":"https:\/\/stelog.ch\/de\/wp-json\/wp\/v2\/types\/page"}],"author":[{"embeddable":true,"href":"https:\/\/stelog.ch\/de\/wp-json\/wp\/v2\/users\/1"}],"replies":[{"embeddable":true,"href":"https:\/\/stelog.ch\/de\/wp-json\/wp\/v2\/comments?post=736"}],"version-history":[{"count":5,"href":"https:\/\/stelog.ch\/de\/wp-json\/wp\/v2\/pages\/736\/revisions"}],"predecessor-version":[{"id":1110,"href":"https:\/\/stelog.ch\/de\/wp-json\/wp\/v2\/pages\/736\/revisions\/1110"}],"wp:attachment":[{"href":"https:\/\/stelog.ch\/de\/wp-json\/wp\/v2\/media?parent=736"}],"curies":[{"name":"wp","href":"https:\/\/api.w.org\/{rel}","templated":true}]}}